{"id":106,"date":"2010-05-11T19:28:34","date_gmt":"2010-05-11T19:28:34","guid":{"rendered":"http:\/\/www.cobayous.com\/site\/?page_id=106"},"modified":"2012-05-20T15:24:33","modified_gmt":"2012-05-20T14:24:33","slug":"quelques-conseils","status":"publish","type":"page","link":"http:\/\/www.cobayous.com\/site\/les-dossiers\/avant-achat-cobaye\/quelques-conseils\/","title":{"rendered":"Avant l&rsquo;achat : Quelques conseils"},"content":{"rendered":"<div class=\"column_left200\" style=\"float: left; display: inline; \">\n<div style=\"background: #FFEFCE; border: 1px solid #BD8D46; color: #404040; padding: 0 10px 0 10px; margin-top: 1em; text-align: justify; border-radius: 10px;\">\n<h3><img loading=\"lazy\" decoding=\"async\" class=\"alignleft\" title=\"memo\" src=\"http:\/\/www.cobayous.Com\/site\/wp-content\/uploads\/img\/memo.png\" alt=\"\" width=\"30\" height=\"30\" \/>EN BREF<\/h3>\n <p> Le cobaye que vous allez adopter devra \u00eatre propre et bien poilu (sauf pour les races Skinny <span class=\"wp-font-emots-emo-wink\"><\/span> ) <\/p> \n <p> L&rsquo;animal est vif et ne reste pas prostr\u00e9 dans un coin. Si vous approchez votre main, il est g\u00e9n\u00e9ralement peureux et s&rsquo;enfuit. C&rsquo;est normal. <\/p> \n<\/div>\n<div style=\"background: #EDF7F2; border: 1px solid #7FC6BC; color: #404040; padding: 0 10px 0 10px; margin-top: 1em; text-align: justify; border-radius: 10px;\">\n <p> <img loading=\"lazy\" decoding=\"async\" class=\"alignleft\" title=\"alire\" src=\"http:\/\/www.cobayous.Com\/site\/wp-content\/uploads\/img\/books.png\" alt=\"\" width=\"30\" height=\"30\" \/> <\/p> \n<h3>A LIRE<\/h3>\n <p> <span style=\"color: #008000;\">Dans la rubrique Avant l\u2019achat :<\/span> <\/p> \n<ul>\n<li><a title=\"Avant l\u2019achat : Un ou plusieurs?\" href=\"http:\/\/www.cobayous.com\/site\/les-dossiers\/avant-achat-cobaye\/un-ou-plusieurs\/\">Un ou plusieurs?<\/a><\/li>\n<li><a title=\"Avant l\u2019achat : M\u00e2le ou femelle ?\" href=\"http:\/\/www.cobayous.com\/site\/les-dossiers\/avant-achat-cobaye\/male-ou-femelle\/\">M\u00e2le ou femelle ?<\/a><\/li>\n<li><a title=\"Avant l\u2019achat : O\u00f9 l\u2019adopter\" href=\"http:\/\/www.cobayous.com\/site\/les-dossiers\/avant-achat-cobaye\/ou-ladopter\/\">O\u00f9 l\u2019adopter<\/a><\/li>\n<li>Quelques conseils<\/li>\n<li><a title=\"Avant l\u2019achat : Combien \u00e7a co\u00fbte?\" href=\"http:\/\/www.cobayous.com\/site\/les-dossiers\/avant-achat-cobaye\/budget-combien-ca-coute\/\" rel=\"\">Combien \u00e7a co\u00fbte?<\/a><\/li>\n<li><a title=\"Rongeurs et Enfants\" href=\"http:\/\/www.cobayous.com\/site\/les-dossiers\/avant-achat-cobaye\/rongeurs-et-enfants\/\" rel=\"\">Rongeurs et Enfants<\/a><\/li>\n<li><a title=\"Les races de cobayes\" href=\"http:\/\/www.cobayous.com\/site\/les-dossiers\/avant-achat-cobaye\/les-races\/\" rel=\"\">Les races de cobayes<\/a><\/li>\n<\/ul>\n <p> <span style=\"color: #008000;\">Dossiers Connexes :<\/span> <\/p> \n<ul>\n<li><a title=\"Animalerie : prendre garde aux conseils !\" href=\"http:\/\/www.cobayous.com\/site\/les-dossiers\/avant-achat-cobaye\/animalerie-prendre-garde-aux-conseils\/\">Animalerie, attention aux conseils !<\/a><\/li>\n<li><a title=\"Le cobaye et les vacances\" href=\"http:\/\/www.cobayous.com\/site\/les-dossiers\/speciaux-pratiques\/le-cobaye-et-les-vacances\/\">Le Cobaye et les Vacances<\/a><\/li>\n<li><a title=\"Rongeurs et Enfants\" href=\"http:\/\/www.cobayous.com\/site\/les-dossiers\/avant-achat-cobaye\/rongeurs-et-enfants\/\">Rongeurs et enfants<\/a><\/li>\n<\/ul>\n<\/div>\n<div style=\"background: #ffffff; border: 1px solid #EACFB8; color: #404040; padding: 0 10px 0 10px; margin-top: 1em; text-align: justify; border-radius: 10px;\">\n <p> <img loading=\"lazy\" decoding=\"async\" class=\"alignleft\" src=\"http:\/\/www.cobayous.Com\/site\/wp-content\/uploads\/img\/question.png\" alt=\"\" width=\"30\" height=\"30\" \/> <\/p> \n<h4>DES QUESTIONS ?<\/h4>\n <p> Tu as des questions \u00e0 poser sur les cobayes? Tu souhaites discuter avec nous? <\/p> \n <p> <img loading=\"lazy\" decoding=\"async\" class=\"alignleft\" title=\"talk\" src=\"http:\/\/www.cobayous.com\/site\/wp-content\/uploads\/img\/icon-talk.png\" alt=\"\" width=\"44\" height=\"30\" \/> <a href=\"http:\/\/www.cobayous.Com\/forum\">Rejoins-nous !<\/a> <\/p> \n<\/div>\n <p> <\/div> <br \/> \n<div class=\"column_right728\" style=\"float: left; display: inline; \"> <\/p> \n <p> <img loading=\"lazy\" decoding=\"async\" src=\"\/site\/wp-content\/uploads\/img\/puce_coeur.gif\" alt=\"\" width=\"15\" height=\"15\" \/> Il est pr\u00e9f\u00e9rable de prendre un animal assez jeune (entre 6 et 10 semaines). <\/p> \n <p> <img loading=\"lazy\" decoding=\"async\" src=\"\/site\/wp-content\/uploads\/img\/puce_coeur.gif\" alt=\"\" width=\"15\" height=\"15\" \/> Il ne doit<strong> pas \u00eatre souill\u00e9 \u00e0 son derri\u00e8re<\/strong> (sinon, signe de mauvaise sant\u00e9). Si, lors de l\u2019achat, un animal de la cage est souill\u00e9 (souvent cause de diarrh\u00e9e) ne prenez aucun animal de cette m\u00eame cage : il y a de grandes chances pour que tous soient malades aussi. <\/p> \n <p> <img loading=\"lazy\" decoding=\"async\" src=\"\/site\/wp-content\/uploads\/img\/puce_coeur.gif\" alt=\"\" width=\"15\" height=\"15\" \/> Choisissez un <strong>animal assez vif<\/strong> (pas un qui est dans son coin tout seul). Lorsque nous avons achet\u00e9 nos deux cochons d\u2019Inde, nous en avons choisi deux qui \u00e9taient dans la gamelle de nourriture alors que tous les autres \u00e9taient couch\u00e9s tous ensembles dans un coin de la cage. De cette mani\u00e8re, nous avions plus de chance pour qu\u2019ils soient en meilleure sant\u00e9 que les autres. <\/p> \n <p> <img loading=\"lazy\" decoding=\"async\" src=\"\/site\/wp-content\/uploads\/img\/puce_coeur.gif\" alt=\"\" width=\"15\" height=\"15\" \/> Veillez \u00e0 ce que l\u2019animal n\u2019ait <strong>pas de probl\u00e8mes aux yeux<\/strong> (ils doivent brillez sans couler). Le <strong>nez<\/strong> doit \u00eatre <strong>sec<\/strong> et le <strong>poil brillant<\/strong>. Il ne doit <strong>pas y avoir de trous dans sa fourrure<\/strong> et les <strong>dents doivent \u00eatre bien plac\u00e9es<\/strong> (les unes en face des autres) <\/p> \n <p> <img loading=\"lazy\" decoding=\"async\" src=\"\/site\/wp-content\/uploads\/img\/puce_coeur.gif\" alt=\"\" width=\"15\" height=\"15\" \/> Enfin, un cochon d\u2019Inde en <strong>bonne sant\u00e9<\/strong> \u00ab <strong>discute<\/strong> \u00bb beaucoup avec ses cong\u00e9n\u00e8res !! <\/p> \n<div id=\"_mcePaste\" style=\"position: absolute; left: -10000px; top: 0px; width: 1px; height: 1px; overflow: hidden;\">\n <p> Il est pr\u00e9f\u00e9rable de prendre un animal assez jeune (entre 6 et 10 semaines). <\/p> \n <p> Il ne doit pas \u00eatre souill\u00e9 \u00e0 son derri\u00e8re (sinon, signe de mauvaise sant\u00e9). Si, lors de l\u2019achat, un animal de la cage est souill\u00e9 (souvent cause de diarrh\u00e9e) ne prenez aucun animal de cette m\u00eame cage : il y a de grandes chances pour que tous soient malades aussi. <\/p> \n <p> Choisissez un animal assez vif (pas un qui est dans son coin tout seul). Lorsque nous avons achet\u00e9 nos deux cochons d\u2019Inde, nous en avons choisi deux qui \u00e9taient dans la gamelle de nourriture alors que tous les autres \u00e9taient couch\u00e9s tous ensembles dans un coin de la cage. De cette mani\u00e8re, nous avions plus de chance pour qu\u2019ils soient en meilleure sant\u00e9 que les autres. <\/p> \n <p> Veillez \u00e0 ce que l\u2019animal n\u2019ait pas de probl\u00e8mes aux yeux (ils doivent brillez sans couler). Le nez doit \u00eatre sec et le poil brillant. Il ne doit pas y avoir de trous dans sa fourrure et les dents doivent \u00eatre bien plac\u00e9es (les unes en face des autres) <\/p> \n <p> Enfin, un cochon d\u2019Inde en bonne sant\u00e9 \u00ab discute \u00bb beaucoup avec ses cong\u00e9n\u00e8res !! <\/p> \n<\/div>\n <p> <a href=\"http:\/\/www.cobayous.com\/site\/qui-sommes-nous\/\"><img loading=\"lazy\" decoding=\"async\" class=\"alignright\" title=\"copyright-pomelo.jpg\" src=\"\/site\/wp-content\/uploads\/dossiers\/copyright-pomelo.jpg\" alt=\"copyright-pomelo.jpg\" width=\"275\" height=\"50\" border=\"0\" \/><\/a> <br \/> \n<script type=\"text\/javascript\">\/\/ <![CDATA[\n                      google_ad_client = \"ca-pub-3631834167777130\"; \/* 728x90, SITE BAS *\/ google_ad_slot = \"8092157966\"; google_ad_width = 728; google_ad_height = 90;\n\/\/ ]]><\/script> <br \/> \n<script type=\"text\/javascript\" src=\"http:\/\/pagead2.googlesyndication.com\/pagead\/show_ads.js\">\/\/ <![CDATA[\n\n\n\/\/ ]]><\/script> <br \/> \n<\/div><div style='clear: both;'><\/div> <\/p> \n","protected":false},"excerpt":{"rendered":"","protected":false},"author":1,"featured_media":0,"parent":74,"menu_order":5,"comment_status":"closed","ping_status":"closed","template":"pg-tpl-no-sidebars.php","meta":{"ngg_post_thumbnail":0,"footnotes":""},"class_list":["post-106","page","type-page","status-publish","hentry"],"yoast_head":"<!-- This site is optimized with the Yoast SEO plugin v27.1.1 - https:\/\/yoast.com\/product\/yoast-seo-wordpress\/ -->\n<title>Avant l&#039;achat : Quelques conseils - Les Cobayes Pom&amp;Lolo<\/title>\n<meta name=\"robots\" content=\"index, follow, max-snippet:-1, max-image-preview:large, max-video-preview:-1\" \/>\n<link rel=\"canonical\" href=\"http:\/\/www.cobayous.com\/site\/les-dossiers\/avant-achat-cobaye\/quelques-conseils\/\" \/>\n<meta property=\"og:locale\" content=\"fr_FR\" \/>\n<meta property=\"og:type\" content=\"article\" \/>\n<meta property=\"og:title\" content=\"Avant l&#039;achat : Quelques conseils - Les Cobayes Pom&amp;Lolo\" \/>\n<meta property=\"og:url\" content=\"http:\/\/www.cobayous.com\/site\/les-dossiers\/avant-achat-cobaye\/quelques-conseils\/\" \/>\n<meta property=\"og:site_name\" content=\"Les Cobayes Pom&amp;Lolo\" \/>\n<meta property=\"article:modified_time\" content=\"2012-05-20T14:24:33+00:00\" \/>\n<meta property=\"og:image\" content=\"http:\/\/www.cobayous.Com\/site\/wp-content\/uploads\/img\/memo.png\" \/>\n<meta name=\"twitter:card\" content=\"summary_large_image\" \/>\n<meta name=\"twitter:label1\" content=\"Dur\u00e9e de lecture estim\u00e9e\" \/>\n\t<meta name=\"twitter:data1\" content=\"3 minutes\" \/>\n<script type=\"application\/ld+json\" class=\"yoast-schema-graph\">{\"@context\":\"https:\/\/schema.org\",\"@graph\":[{\"@type\":\"WebPage\",\"@id\":\"http:\/\/www.cobayous.com\/site\/les-dossiers\/avant-achat-cobaye\/quelques-conseils\/\",\"url\":\"http:\/\/www.cobayous.com\/site\/les-dossiers\/avant-achat-cobaye\/quelques-conseils\/\",\"name\":\"Avant l'achat : Quelques conseils - Les Cobayes Pom&amp;Lolo\",\"isPartOf\":{\"@id\":\"http:\/\/www.cobayous.com\/site\/#website\"},\"primaryImageOfPage\":{\"@id\":\"http:\/\/www.cobayous.com\/site\/les-dossiers\/avant-achat-cobaye\/quelques-conseils\/#primaryimage\"},\"image\":{\"@id\":\"http:\/\/www.cobayous.com\/site\/les-dossiers\/avant-achat-cobaye\/quelques-conseils\/#primaryimage\"},\"thumbnailUrl\":\"http:\/\/www.cobayous.Com\/site\/wp-content\/uploads\/img\/memo.png\",\"datePublished\":\"2010-05-11T19:28:34+00:00\",\"dateModified\":\"2012-05-20T14:24:33+00:00\",\"breadcrumb\":{\"@id\":\"http:\/\/www.cobayous.com\/site\/les-dossiers\/avant-achat-cobaye\/quelques-conseils\/#breadcrumb\"},\"inLanguage\":\"fr-FR\",\"potentialAction\":[{\"@type\":\"ReadAction\",\"target\":[\"http:\/\/www.cobayous.com\/site\/les-dossiers\/avant-achat-cobaye\/quelques-conseils\/\"]}]},{\"@type\":\"ImageObject\",\"inLanguage\":\"fr-FR\",\"@id\":\"http:\/\/www.cobayous.com\/site\/les-dossiers\/avant-achat-cobaye\/quelques-conseils\/#primaryimage\",\"url\":\"http:\/\/www.cobayous.Com\/site\/wp-content\/uploads\/img\/memo.png\",\"contentUrl\":\"http:\/\/www.cobayous.Com\/site\/wp-content\/uploads\/img\/memo.png\"},{\"@type\":\"BreadcrumbList\",\"@id\":\"http:\/\/www.cobayous.com\/site\/les-dossiers\/avant-achat-cobaye\/quelques-conseils\/#breadcrumb\",\"itemListElement\":[{\"@type\":\"ListItem\",\"position\":1,\"name\":\"Accueil\",\"item\":\"http:\/\/www.cobayous.com\/site\/\"},{\"@type\":\"ListItem\",\"position\":2,\"name\":\"Dossiers\",\"item\":\"http:\/\/www.cobayous.com\/site\/les-dossiers\/\"},{\"@type\":\"ListItem\",\"position\":3,\"name\":\"Avant l&rsquo;achat\",\"item\":\"http:\/\/www.cobayous.com\/site\/les-dossiers\/avant-achat-cobaye\/\"},{\"@type\":\"ListItem\",\"position\":4,\"name\":\"Avant l&rsquo;achat : Quelques conseils\"}]},{\"@type\":\"WebSite\",\"@id\":\"http:\/\/www.cobayous.com\/site\/#website\",\"url\":\"http:\/\/www.cobayous.com\/site\/\",\"name\":\"Les Cobayes Pom&Lolo\",\"description\":\"\",\"publisher\":{\"@id\":\"http:\/\/www.cobayous.com\/site\/#organization\"},\"potentialAction\":[{\"@type\":\"SearchAction\",\"target\":{\"@type\":\"EntryPoint\",\"urlTemplate\":\"http:\/\/www.cobayous.com\/site\/?s={search_term_string}\"},\"query-input\":{\"@type\":\"PropertyValueSpecification\",\"valueRequired\":true,\"valueName\":\"search_term_string\"}}],\"inLanguage\":\"fr-FR\"},{\"@type\":\"Organization\",\"@id\":\"http:\/\/www.cobayous.com\/site\/#organization\",\"name\":\"Les Cobayes Pom&Lolo\",\"url\":\"http:\/\/www.cobayous.com\/site\/\",\"logo\":{\"@type\":\"ImageObject\",\"inLanguage\":\"fr-FR\",\"@id\":\"http:\/\/www.cobayous.com\/site\/#\/schema\/logo\/image\/\",\"url\":\"http:\/\/www.cobayous.com\/site\/wp-content\/uploads\/2024\/01\/header-bg.png\",\"contentUrl\":\"http:\/\/www.cobayous.com\/site\/wp-content\/uploads\/2024\/01\/header-bg.png\",\"width\":1022,\"height\":250,\"caption\":\"Les Cobayes Pom&Lolo\"},\"image\":{\"@id\":\"http:\/\/www.cobayous.com\/site\/#\/schema\/logo\/image\/\"}}]}<\/script>\n<!-- \/ Yoast SEO plugin. -->","yoast_head_json":{"title":"Avant l'achat : Quelques conseils - Les Cobayes Pom&amp;Lolo","robots":{"index":"index","follow":"follow","max-snippet":"max-snippet:-1","max-image-preview":"max-image-preview:large","max-video-preview":"max-video-preview:-1"},"canonical":"http:\/\/www.cobayous.com\/site\/les-dossiers\/avant-achat-cobaye\/quelques-conseils\/","og_locale":"fr_FR","og_type":"article","og_title":"Avant l'achat : Quelques conseils - Les Cobayes Pom&amp;Lolo","og_url":"http:\/\/www.cobayous.com\/site\/les-dossiers\/avant-achat-cobaye\/quelques-conseils\/","og_site_name":"Les Cobayes Pom&amp;Lolo","article_modified_time":"2012-05-20T14:24:33+00:00","og_image":[{"url":"http:\/\/www.cobayous.Com\/site\/wp-content\/uploads\/img\/memo.png","type":"","width":"","height":""}],"twitter_card":"summary_large_image","twitter_misc":{"Dur\u00e9e de lecture estim\u00e9e":"3 minutes"},"schema":{"@context":"https:\/\/schema.org","@graph":[{"@type":"WebPage","@id":"http:\/\/www.cobayous.com\/site\/les-dossiers\/avant-achat-cobaye\/quelques-conseils\/","url":"http:\/\/www.cobayous.com\/site\/les-dossiers\/avant-achat-cobaye\/quelques-conseils\/","name":"Avant l'achat : Quelques conseils - Les Cobayes Pom&amp;Lolo","isPartOf":{"@id":"http:\/\/www.cobayous.com\/site\/#website"},"primaryImageOfPage":{"@id":"http:\/\/www.cobayous.com\/site\/les-dossiers\/avant-achat-cobaye\/quelques-conseils\/#primaryimage"},"image":{"@id":"http:\/\/www.cobayous.com\/site\/les-dossiers\/avant-achat-cobaye\/quelques-conseils\/#primaryimage"},"thumbnailUrl":"http:\/\/www.cobayous.Com\/site\/wp-content\/uploads\/img\/memo.png","datePublished":"2010-05-11T19:28:34+00:00","dateModified":"2012-05-20T14:24:33+00:00","breadcrumb":{"@id":"http:\/\/www.cobayous.com\/site\/les-dossiers\/avant-achat-cobaye\/quelques-conseils\/#breadcrumb"},"inLanguage":"fr-FR","potentialAction":[{"@type":"ReadAction","target":["http:\/\/www.cobayous.com\/site\/les-dossiers\/avant-achat-cobaye\/quelques-conseils\/"]}]},{"@type":"ImageObject","inLanguage":"fr-FR","@id":"http:\/\/www.cobayous.com\/site\/les-dossiers\/avant-achat-cobaye\/quelques-conseils\/#primaryimage","url":"http:\/\/www.cobayous.Com\/site\/wp-content\/uploads\/img\/memo.png","contentUrl":"http:\/\/www.cobayous.Com\/site\/wp-content\/uploads\/img\/memo.png"},{"@type":"BreadcrumbList","@id":"http:\/\/www.cobayous.com\/site\/les-dossiers\/avant-achat-cobaye\/quelques-conseils\/#breadcrumb","itemListElement":[{"@type":"ListItem","position":1,"name":"Accueil","item":"http:\/\/www.cobayous.com\/site\/"},{"@type":"ListItem","position":2,"name":"Dossiers","item":"http:\/\/www.cobayous.com\/site\/les-dossiers\/"},{"@type":"ListItem","position":3,"name":"Avant l&rsquo;achat","item":"http:\/\/www.cobayous.com\/site\/les-dossiers\/avant-achat-cobaye\/"},{"@type":"ListItem","position":4,"name":"Avant l&rsquo;achat : Quelques conseils"}]},{"@type":"WebSite","@id":"http:\/\/www.cobayous.com\/site\/#website","url":"http:\/\/www.cobayous.com\/site\/","name":"Les Cobayes Pom&Lolo","description":"","publisher":{"@id":"http:\/\/www.cobayous.com\/site\/#organization"},"potentialAction":[{"@type":"SearchAction","target":{"@type":"EntryPoint","urlTemplate":"http:\/\/www.cobayous.com\/site\/?s={search_term_string}"},"query-input":{"@type":"PropertyValueSpecification","valueRequired":true,"valueName":"search_term_string"}}],"inLanguage":"fr-FR"},{"@type":"Organization","@id":"http:\/\/www.cobayous.com\/site\/#organization","name":"Les Cobayes Pom&Lolo","url":"http:\/\/www.cobayous.com\/site\/","logo":{"@type":"ImageObject","inLanguage":"fr-FR","@id":"http:\/\/www.cobayous.com\/site\/#\/schema\/logo\/image\/","url":"http:\/\/www.cobayous.com\/site\/wp-content\/uploads\/2024\/01\/header-bg.png","contentUrl":"http:\/\/www.cobayous.com\/site\/wp-content\/uploads\/2024\/01\/header-bg.png","width":1022,"height":250,"caption":"Les Cobayes Pom&Lolo"},"image":{"@id":"http:\/\/www.cobayous.com\/site\/#\/schema\/logo\/image\/"}}]}},"_links":{"self":[{"href":"http:\/\/www.cobayous.com\/site\/wp-json\/wp\/v2\/pages\/106","targetHints":{"allow":["GET"]}}],"collection":[{"href":"http:\/\/www.cobayous.com\/site\/wp-json\/wp\/v2\/pages"}],"about":[{"href":"http:\/\/www.cobayous.com\/site\/wp-json\/wp\/v2\/types\/page"}],"author":[{"embeddable":true,"href":"http:\/\/www.cobayous.com\/site\/wp-json\/wp\/v2\/users\/1"}],"replies":[{"embeddable":true,"href":"http:\/\/www.cobayous.com\/site\/wp-json\/wp\/v2\/comments?post=106"}],"version-history":[{"count":0,"href":"http:\/\/www.cobayous.com\/site\/wp-json\/wp\/v2\/pages\/106\/revisions"}],"up":[{"embeddable":true,"href":"http:\/\/www.cobayous.com\/site\/wp-json\/wp\/v2\/pages\/74"}],"wp:attachment":[{"href":"http:\/\/www.cobayous.com\/site\/wp-json\/wp\/v2\/media?parent=106"}],"curies":[{"name":"wp","href":"https:\/\/api.w.org\/{rel}","templated":true}]}}